{"id":976,"date":"2020-04-06T16:08:52","date_gmt":"2020-04-06T14:08:52","guid":{"rendered":"http:\/\/www.ecuriedelamarniere.fr\/?page_id=976"},"modified":"2026-03-18T11:07:11","modified_gmt":"2026-03-18T10:07:11","slug":"lequifun","status":"publish","type":"page","link":"https:\/\/www.ecuriedelamarniere.fr\/index.php\/lequifun\/","title":{"rendered":"L&rsquo;Equifun"},"content":{"rendered":"<div class=\"wp-block-image\">\n<figure class=\"alignleft size-full\"><img loading=\"lazy\" decoding=\"async\" width=\"126\" height=\"126\" src=\"https:\/\/www.ecuriedelamarniere.fr\/wp-content\/uploads\/2023\/05\/EQUIFUN.webp\" alt=\"\" class=\"wp-image-977\"\/><\/figure>\n<\/div>\n\n\n<h2 class=\"wp-block-heading\">L&rsquo;Equifun <\/h2>\n\n\n\n<p>L&rsquo;Equifun est une \u00e9preuve d\u2019animation inscrite dans un projet de p\u00e9dagogie ludique. Il s\u2019agit de r\u00e9aliser un parcours compos\u00e9 d\u2019une succession de dispositifs \u00e0 effectuer au chronom\u00e8tre. Ces dispositifs alternent maniabilit\u00e9, saut et adresse et comportent des options de franchissement de difficult\u00e9 variable.<\/p>\n\n\n\n<p>Le but de l\u2019Equifun est de d\u00e9velopper la facult\u00e9 du cavalier \u00e0 ma\u00eetriser sa monture par le choix des options qui correspondent le mieux \u00e0 ses capacit\u00e9s et de favoriser la pr\u00e9paration des poneys \/ chevaux en am\u00e9liorant la qualit\u00e9 de leur dressage.<\/p>\n\n\n\n<p id=\"block-3aa83f42-3dc4-46fc-9e08-1a15eee0f544\"><strong>Source image &amp; texte :<\/strong><\/p>\n\n\n\n<p id=\"block-3aa83f42-3dc4-46fc-9e08-1a15eee0f544\"><a rel=\"noreferrer noopener\" href=\"http:\/\/www.ffe.com\/\" target=\"_blank\"><em>F\u00e9d\u00e9ration Fran\u00e7aise d&rsquo;Equitation<\/em><\/a><\/p>\n","protected":false},"excerpt":{"rendered":"<p>L&rsquo;Equifun L&rsquo;Equifun est une \u00e9preuve d\u2019animation inscrite dans un projet de p\u00e9dagogie ludique. Il s\u2019agit de r\u00e9aliser un parcours compos\u00e9 d\u2019une succession de dispositifs \u00e0 effectuer au chronom\u00e8tre. Ces dispositifs alternent maniabilit\u00e9, saut et adresse et comportent des options de franchissement de difficult\u00e9 variable. Le but de l\u2019Equifun est de d\u00e9velopper la facult\u00e9 du cavalier [&hellip;]<\/p>\n","protected":false},"author":1,"featured_media":977,"parent":0,"menu_order":0,"comment_status":"closed","ping_status":"closed","template":"","meta":{"footnotes":""},"class_list":["post-976","page","type-page","status-publish","has-post-thumbnail","hentry"],"_links":{"self":[{"href":"https:\/\/www.ecuriedelamarniere.fr\/index.php\/wp-json\/wp\/v2\/pages\/976","targetHints":{"allow":["GET"]}}],"collection":[{"href":"https:\/\/www.ecuriedelamarniere.fr\/index.php\/wp-json\/wp\/v2\/pages"}],"about":[{"href":"https:\/\/www.ecuriedelamarniere.fr\/index.php\/wp-json\/wp\/v2\/types\/page"}],"author":[{"embeddable":true,"href":"https:\/\/www.ecuriedelamarniere.fr\/index.php\/wp-json\/wp\/v2\/users\/1"}],"replies":[{"embeddable":true,"href":"https:\/\/www.ecuriedelamarniere.fr\/index.php\/wp-json\/wp\/v2\/comments?post=976"}],"version-history":[{"count":2,"href":"https:\/\/www.ecuriedelamarniere.fr\/index.php\/wp-json\/wp\/v2\/pages\/976\/revisions"}],"predecessor-version":[{"id":1370,"href":"https:\/\/www.ecuriedelamarniere.fr\/index.php\/wp-json\/wp\/v2\/pages\/976\/revisions\/1370"}],"wp:featuredmedia":[{"embeddable":true,"href":"https:\/\/www.ecuriedelamarniere.fr\/index.php\/wp-json\/wp\/v2\/media\/977"}],"wp:attachment":[{"href":"https:\/\/www.ecuriedelamarniere.fr\/index.php\/wp-json\/wp\/v2\/media?parent=976"}],"curies":[{"name":"wp","href":"https:\/\/api.w.org\/{rel}","templated":true}]}}