{"id":94,"date":"2020-04-06T15:53:32","date_gmt":"2020-04-06T13:53:32","guid":{"rendered":"http:\/\/glequitation.gael-lovat.fr\/?page_id=94"},"modified":"2026-03-14T20:45:17","modified_gmt":"2026-03-14T19:45:17","slug":"le-saut-dobstacles","status":"publish","type":"page","link":"https:\/\/www.ecuriedelamarniere.fr\/index.php\/le-saut-dobstacles\/","title":{"rendered":"Le saut d&rsquo;obstacles"},"content":{"rendered":"\n<h2 class=\"wp-block-heading\">Le saut d&rsquo;obstacles<\/h2>\n\n\n<div class=\"wp-block-image\">\n<figure class=\"alignleft size-full\"><img loading=\"lazy\" decoding=\"async\" width=\"130\" height=\"130\" src=\"https:\/\/www.ecuriedelamarniere.fr\/wp-content\/uploads\/2020\/04\/cropped-Logo-CSO_FFE.png\" alt=\"\" class=\"wp-image-301\"\/><\/figure>\n<\/div>\n\n\n<p>Le saut d\u2019obstacles consiste \u00e0 encha\u00eener un parcours d\u2019obstacles sans faute,&nbsp;c&rsquo;est \u00e0 dire dans le temps imparti, sans renverser de barres ni refuser ou d\u00e9rober devant un obstacle.&nbsp;Les \u00e9preuves sont destin\u00e9es \u00e0 d\u00e9montrer chez le poney\/cheval sa franchise, sa puissance, son adresse, sa rapidit\u00e9 et son respect de l\u2019obstacle et chez le concurrent, la qualit\u00e9 de son \u00e9quitation.<\/p>\n\n\n\n<p>Le saut d\u2019obstacles est la discipline leader en France. Elle repr\u00e9sente plus de 80 % de l\u2019activit\u00e9 concours, aussi bien en termes de comp\u00e9titeurs, que d\u2019\u00e9preuves ou d\u2019engagements en comp\u00e9tition.<\/p>\n\n\n\n<p>Elle a cet avantage d\u2019\u00eatre une discipline facile \u00e0 comprendre. Le n\u00e9ophyte voit si la barre tombe ou non et le chrono dit qui va le plus vite sur le tour. M\u00eame si des subtilit\u00e9s de jugement se rencontrent parfois, le verdict des barres et du chrono est accept\u00e9 par tous.<\/p>\n\n\n\n<p>C\u2019est une discipline qui n\u00e9cessite beaucoup de technique et d&rsquo;agilit\u00e9 pour r\u00e9soudre les difficult\u00e9s d&rsquo;un parcours. Le type d&rsquo;obstacle, les distances, les angles, les virages sont vari\u00e9s et c&rsquo;est au cavalier de s&rsquo;adapter en fonction de chaque obstacle en modifiant la vitesse, l&rsquo;amplitude, l&rsquo;impulsion, la trajectoire de son cheval pour r\u00e9ussir son parcours plus vite que les autres concurrents.<\/p>\n\n\n\n<div style=\"height:20px\" aria-hidden=\"true\" class=\"wp-block-spacer\"><\/div>\n\n\n\n<blockquote class=\"wp-block-quote is-layout-flow wp-block-quote-is-layout-flow\"><p><strong>Source image &amp; texte :<\/strong><\/p><cite><a rel=\"noreferrer noopener\" href=\"http:\/\/www.ffe.com\/\" target=\"_blank\">F\u00e9d\u00e9ration Fran\u00e7aise d&rsquo;Equitatio<\/a><a href=\"http:\/\/www.ffe.com\/\" target=\"_blank\" rel=\"noreferrer noopener\">n<\/a><\/cite><\/blockquote>\n","protected":false},"excerpt":{"rendered":"<p>Le saut d&rsquo;obstacles Le saut d\u2019obstacles consiste \u00e0 encha\u00eener un parcours d\u2019obstacles sans faute,&nbsp;c&rsquo;est \u00e0 dire dans le temps imparti, sans renverser de barres ni refuser ou d\u00e9rober devant un obstacle.&nbsp;Les \u00e9preuves sont destin\u00e9es \u00e0 d\u00e9montrer chez le poney\/cheval sa franchise, sa puissance, son adresse, sa rapidit\u00e9 et son respect de l\u2019obstacle et chez le [&hellip;]<\/p>\n","protected":false},"author":1,"featured_media":95,"parent":0,"menu_order":0,"comment_status":"closed","ping_status":"closed","template":"","meta":{"footnotes":""},"class_list":["post-94","page","type-page","status-publish","has-post-thumbnail","hentry"],"_links":{"self":[{"href":"https:\/\/www.ecuriedelamarniere.fr\/index.php\/wp-json\/wp\/v2\/pages\/94","targetHints":{"allow":["GET"]}}],"collection":[{"href":"https:\/\/www.ecuriedelamarniere.fr\/index.php\/wp-json\/wp\/v2\/pages"}],"about":[{"href":"https:\/\/www.ecuriedelamarniere.fr\/index.php\/wp-json\/wp\/v2\/types\/page"}],"author":[{"embeddable":true,"href":"https:\/\/www.ecuriedelamarniere.fr\/index.php\/wp-json\/wp\/v2\/users\/1"}],"replies":[{"embeddable":true,"href":"https:\/\/www.ecuriedelamarniere.fr\/index.php\/wp-json\/wp\/v2\/comments?post=94"}],"version-history":[{"count":2,"href":"https:\/\/www.ecuriedelamarniere.fr\/index.php\/wp-json\/wp\/v2\/pages\/94\/revisions"}],"predecessor-version":[{"id":1376,"href":"https:\/\/www.ecuriedelamarniere.fr\/index.php\/wp-json\/wp\/v2\/pages\/94\/revisions\/1376"}],"wp:featuredmedia":[{"embeddable":true,"href":"https:\/\/www.ecuriedelamarniere.fr\/index.php\/wp-json\/wp\/v2\/media\/95"}],"wp:attachment":[{"href":"https:\/\/www.ecuriedelamarniere.fr\/index.php\/wp-json\/wp\/v2\/media?parent=94"}],"curies":[{"name":"wp","href":"https:\/\/api.w.org\/{rel}","templated":true}]}}