{"id":874,"date":"2022-12-10T12:26:59","date_gmt":"2022-12-10T11:26:59","guid":{"rendered":"http:\/\/www.ecuriedelamarniere.fr\/?page_id=874"},"modified":"2026-03-19T15:30:45","modified_gmt":"2026-03-19T14:30:45","slug":"acm","status":"publish","type":"page","link":"https:\/\/www.ecuriedelamarniere.fr\/index.php\/acm\/","title":{"rendered":"Association \u00ab\u00a0Les Cavaliers de la Marni\u00e8re\u00a0\u00bb (ACM)"},"content":{"rendered":"\n<figure class=\"wp-block-gallery has-nested-images columns-default is-cropped wp-block-gallery-1 is-layout-flex wp-block-gallery-is-layout-flex\">\n<figure class=\"wp-block-image size-large\"><img loading=\"lazy\" decoding=\"async\" width=\"1024\" height=\"133\" data-id=\"1353\" src=\"https:\/\/www.ecuriedelamarniere.fr\/wp-content\/uploads\/2026\/03\/013c760e-ca7f-490a-8eff-5bc98ac19b9a-1024x133.png\" alt=\"\" class=\"wp-image-1353\"\/><\/figure>\n<\/figure>\n\n\n\n<p><\/p>\n\n\n\n<p>Bienvenue sur la page d\u00e9di\u00e9e \u00e0 notre association !<\/p>\n\n\n\n<p>C&rsquo;est en novembre 2022 qu&rsquo;est n\u00e9e l&rsquo;Association Loi 1901 des Cavaliers de la Marni\u00e8re (ACM).<\/p>\n\n\n\n<h2 class=\"wp-block-heading\"><strong>Quels objectifs ?<\/strong><\/h2>\n\n\n\n<ul class=\"wp-block-list\">\n<li>Promouvoir l&rsquo;\u00e9quitation<\/li>\n\n\n\n<li>Participer \u00e0 l&rsquo;organisation de nos manifestations<\/li>\n\n\n\n<li>Participer \u00e0 l\u2019organisation de stages de perfectionnement<\/li>\n\n\n\n<li>Participer \u00e0 l\u2019acquisition de fournitures<\/li>\n\n\n\n<li>Aider nos cavaliers en am\u00e9liorant les conditions de leur pratique de l\u2019\u00e9quitation<\/li>\n\n\n\n<li>Aider nos cavaliers comp\u00e9titeurs pour leurs participations aux championnats de France<\/li>\n\n\n\n<li>Promouvoir l\u2019acc\u00e8s \u00e0 l\u2019\u00e9quitation aux personnes en situation d\u2019handicap<\/li>\n<\/ul>\n\n\n\n<h2 class=\"wp-block-heading\"><strong>Quelles actions ?<\/strong><\/h2>\n\n\n\n<ul class=\"wp-block-list\">\n<li>Organisation de nos buvettes lors de nos manifestations ;<\/li>\n\n\n\n<li>Recherche de sponsors et d\u00e9veloppement de partenariats ;<\/li>\n\n\n\n<li>Op\u00e9ration de recyclage de bouteilles plastiques ;<\/li>\n\n\n\n<li>Ventes de fromages, saucissons, g\u00e2teaux de no\u00ebl &amp; chocolats ;<\/li>\n\n\n\n<li>Organisation d\u2019animations comme la Saint-Nicolas, Carnaval ou P\u00e2ques ;<\/li>\n\n\n\n<li>Organisation de la f\u00eate annuelle du club avec tombola ;<\/li>\n\n\n\n<li>Organisation de Lotos ;<\/li>\n\n\n\n<li>Organisation de comp\u00e9titions officielles (Equifun, Dressage, CSO)<\/li>\n<\/ul>\n\n\n\n<h2 class=\"wp-block-heading\"><strong>Ces actions ont d\u00e9j\u00e0 permis :<\/strong><\/h2>\n\n\n\n<ul class=\"wp-block-list\">\n<li>D\u2019aider au financement de plusieurs participations aux championnats de France des clubs<\/li>\n\n\n\n<li>L\u2019achat d&rsquo;un tapis et surfaix de voltige<\/li>\n\n\n\n<li>De financer les animations internes<\/li>\n\n\n\n<li>L\u2019achat de mat\u00e9riel d&rsquo;obstacle (barres, chandeliers, palanques,&#8230;)<\/li>\n\n\n\n<li>L\u2019achat de mat\u00e9riel p\u00e9dagogique (mat\u00e9riel pour l&rsquo;\u00e9quifun et le pony-games)<\/li>\n\n\n\n<li>L\u2019achat d\u2019\u00e9quid\u00e9s comme Chipie<\/li>\n<\/ul>\n\n\n\n<h2 class=\"wp-block-heading\"><strong>Le Conseil d&rsquo;administration :<\/strong><\/h2>\n\n\n\n<p>Le comit\u00e9 d&rsquo;administration, regroupant des b\u00e9n\u00e9voles investis dans la vie du club et \u0153uvrant pour le confort des cavaliers et des chevaux, est compos\u00e9 de 12 membres&nbsp;:<\/p>\n\n\n\n<ul class=\"wp-block-list\">\n<li>Ga\u00ebl LOVAT, Pr\u00e9sident <\/li>\n\n\n\n<li>Samuel STADLER, Vice Pr\u00e9sident <\/li>\n\n\n\n<li>Ana\u00efs BONNET, Secr\u00e9taire <\/li>\n\n\n\n<li>Amandine VUILLEMOT, Tr\u00e9sori\u00e8re <\/li>\n\n\n\n<li>Nathalie GROSJEAN, Tr\u00e9sori\u00e8re adjointe<\/li>\n\n\n\n<li>Ang\u00e9lique GROSJEAN<\/li>\n\n\n\n<li>Gilles GROSJEAN<\/li>\n\n\n\n<li>Auriane BURDLOFF<\/li>\n\n\n\n<li>Elizabeth PFEIFFER<\/li>\n\n\n\n<li>Marie-Lou PFEIFFER<\/li>\n\n\n\n<li>Sylvie LOVAT<\/li>\n\n\n\n<li>Philippe LOVAT<\/li>\n<\/ul>\n\n\n\n<p>Chaque cavalier ou parent de cavalier (pour les moins de 16 ans) adh\u00e9rant a\u0300 l\u2019Ecurie de la Marni\u00e8re, devient membre de l\u2019association ACM. Adh\u00e9rer \u00e0 l&rsquo;ACM c&rsquo;est soutenir le mouvement collectif qui fait vivre le club et rejoindre une \u00e9quipe soud\u00e9e autour d&rsquo;une m\u00eame passion ! Chacun est libre de s\u2019investir comme il le souhaite au sein de l\u2019association. \ud83d\ude0a<\/p>\n\n\n\n<h2 class=\"wp-block-heading\"><strong>Comment adh\u00e9rer ?<\/strong><\/h2>\n\n\n\n<p>Vous pouvez nous rejoindre directement en ligne via <a href=\"https:\/\/www.helloasso.com\/associations\/les-cavaliers-de-la-marniere\" target=\"_blank\" rel=\"noreferrer noopener\"><strong><mark style=\"background-color:#fcb900\" class=\"has-inline-color\">HelloAsso<\/mark><\/strong> <\/a>(<em>Attention : lors du paiement, HelloAsso vous incite \u00e0 ajouter quelques euros pour soutenir leur plateforme ; vous pouvez bien entendu refuser et ne r\u00e9gler que les 10 \u20ac de cotisation ACM.<\/em>) <\/p>\n\n\n\n<p>Ou bien en t\u00e9l\u00e9chargeant le bulletin d&rsquo;adh\u00e9sion disponible dans l&rsquo;espace&nbsp;<strong><a href=\"https:\/\/drive.google.com\/drive\/folders\/1eGJgR1djDlLALV4h2dPwNxTZ08MY9Kfa\" target=\"_blank\" rel=\"noreferrer noopener\"><mark style=\"background-color:#fcb900\" class=\"has-inline-color\">Documents de l&rsquo;association<\/mark><\/a><\/strong>. Le bulletin et votre cotisation (10\u20ac) sont \u00e0 remettre \u00e0 vos enseignants qui se chargeront de les transmettre au Bureau de l&rsquo;ACM.<\/p>\n\n\n\n<p>On se r\u00e9jouit de mener nos projets futurs collectivement avec vous ! Rejoignez-nous !<\/p>\n\n\n\n<h2 class=\"wp-block-heading\">Entreprises, devenez partenaires !<\/h2>\n\n\n\n<p>Soutenez nos actions en devenant partenaire de notre association et de nos \u00e9v\u00e8nements ! <\/p>\n\n\n\n<p>T\u00e9l\u00e9chargez notre <a href=\"https:\/\/drive.google.com\/file\/d\/1zGTvkNfNjtividJUofY06sjnO3jpd4RI\/view?usp=drive_link\" target=\"_blank\" rel=\"noreferrer noopener\"><mark style=\"background-color:#fcb900\" class=\"has-inline-color\"><strong>dossier de sponsoring<\/strong><\/mark><\/a> !<\/p>\n\n\n\n<p><\/p>\n","protected":false},"excerpt":{"rendered":"<p>Bienvenue sur la page d\u00e9di\u00e9e \u00e0 notre association ! C&rsquo;est en novembre 2022 qu&rsquo;est n\u00e9e l&rsquo;Association Loi 1901 des Cavaliers de la Marni\u00e8re (ACM). Quels objectifs ? Quelles actions ? Ces actions ont d\u00e9j\u00e0 permis : Le Conseil d&rsquo;administration : Le comit\u00e9 d&rsquo;administration, regroupant des b\u00e9n\u00e9voles investis dans la vie du club et \u0153uvrant pour [&hellip;]<\/p>\n","protected":false},"author":1,"featured_media":0,"parent":0,"menu_order":0,"comment_status":"closed","ping_status":"closed","template":"","meta":{"footnotes":""},"class_list":["post-874","page","type-page","status-publish","hentry"],"_links":{"self":[{"href":"https:\/\/www.ecuriedelamarniere.fr\/index.php\/wp-json\/wp\/v2\/pages\/874","targetHints":{"allow":["GET"]}}],"collection":[{"href":"https:\/\/www.ecuriedelamarniere.fr\/index.php\/wp-json\/wp\/v2\/pages"}],"about":[{"href":"https:\/\/www.ecuriedelamarniere.fr\/index.php\/wp-json\/wp\/v2\/types\/page"}],"author":[{"embeddable":true,"href":"https:\/\/www.ecuriedelamarniere.fr\/index.php\/wp-json\/wp\/v2\/users\/1"}],"replies":[{"embeddable":true,"href":"https:\/\/www.ecuriedelamarniere.fr\/index.php\/wp-json\/wp\/v2\/comments?post=874"}],"version-history":[{"count":20,"href":"https:\/\/www.ecuriedelamarniere.fr\/index.php\/wp-json\/wp\/v2\/pages\/874\/revisions"}],"predecessor-version":[{"id":1541,"href":"https:\/\/www.ecuriedelamarniere.fr\/index.php\/wp-json\/wp\/v2\/pages\/874\/revisions\/1541"}],"wp:attachment":[{"href":"https:\/\/www.ecuriedelamarniere.fr\/index.php\/wp-json\/wp\/v2\/media?parent=874"}],"curies":[{"name":"wp","href":"https:\/\/api.w.org\/{rel}","templated":true}]}}