{"id":1177,"date":"2025-06-08T13:31:42","date_gmt":"2025-06-08T11:31:42","guid":{"rendered":"http:\/\/nmuwdom.cluster021.hosting.ovh.net\/ecuriedelamarniere\/?page_id=1177"},"modified":"2026-03-14T20:45:17","modified_gmt":"2026-03-14T19:45:17","slug":"inscriptions","status":"publish","type":"page","link":"https:\/\/www.ecuriedelamarniere.fr\/index.php\/inscriptions\/","title":{"rendered":"Rentr\u00e9e 2025\/2026"},"content":{"rendered":"\n<p class=\"has-text-align-left\">Bonjour et bienvenue sur la page concernant les inscriptions aux cours hebdomadaires pour la rentr\u00e9e prochaine ! <\/p>\n\n\n\n<p><strong>Pour<\/strong> <strong>m&rsquo;inscrire<\/strong> : <\/p>\n\n\n\n<ul class=\"wp-block-list\">\n<li>En premier lieu, je consulte le planning des cours pour visualiser les cr\u00e9neaux correspondant \u00e0 mon niveau o\u00f9 il reste de la place.<\/li>\n\n\n\n<li>Je t\u00e9l\u00e9charge ensuite le dossier d&rsquo;inscription que j&rsquo;imprime, remplis et auquel je joins les r\u00e8glements correspondants. <\/li>\n\n\n\n<li>Pour que mon inscription soit valide et ma place r\u00e9serv\u00e9e, le dossier doit \u00eatre COMPLET lorsqu&rsquo;il est d\u00e9pos\u00e9 au centre \u00e9questre.<\/li>\n<\/ul>\n\n\n\n<p>Pour les cavaliers souhaitant rejoindre la section sportive (Comp\u00e9tition avec un tiers ou une demi-pension), faites part de vos intentions \u00e0 Ga\u00ebl avant toute d\u00e9marche. Pour s&rsquo;inscrire, la proc\u00e9dure est la m\u00eame que ci-dessus ; j&rsquo;imprime et signe en compl\u00e9ment le contrat sp\u00e9cifique au forfait comp\u00e9tition.<\/p>\n\n\n\n<p><strong>Documents<\/strong> <strong>utiles<\/strong> (cliquez dessus pour ouvrir) :<\/p>\n\n\n\n<ul class=\"wp-block-list\">\n<li><a rel=\"noreferrer noopener\" href=\"https:\/\/drive.google.com\/file\/d\/1fPF8E_v1X8EycRn_lC0NsZZWOjSrhH_Z\/view?usp=drive_link\" target=\"_blank\">Planning des cours<\/a> (Planning r\u00e9guli\u00e8rement mis \u00e0 jour en fonction des inscriptions)<\/li>\n\n\n\n<li><a rel=\"noreferrer noopener\" href=\"https:\/\/drive.google.com\/file\/d\/1yj0vDdGgU8syFLmBACGLDJCgN47_YY0e\/view?usp=drivesdk\" target=\"_blank\">Grille tarifaire<\/a> (Pas de changement hormis le co\u00fbt de la licence f\u00e9d\u00e9rale d\u00e9livr\u00e9e par la FFE qui a augment\u00e9 de 4\u20ac)<\/li>\n\n\n\n<li><a rel=\"noreferrer noopener\" href=\"https:\/\/drive.google.com\/file\/d\/1lDpZZ1bWOl6o95Cx00m-U45NaKI6W__v\/view?usp=drive_link\" target=\"_blank\">R\u00e8glement int\u00e9rieur &amp; co<\/a><a href=\"https:\/\/drive.google.com\/file\/d\/1lDpZZ1bWOl6o95Cx00m-U45NaKI6W__v\/view?usp=drivesdk\" target=\"_blank\" rel=\"noreferrer noopener\">nditions g\u00e9n\u00e9rales de vente<\/a><\/li>\n\n\n\n<li><a href=\"https:\/\/drive.google.com\/file\/d\/1zyBzaFRot3pVUy5sv-Q5lGlsi-QLlYt1\/view?usp=drivesdk\" target=\"_blank\" rel=\"noreferrer noopener\">Dossier d&rsquo;inscriptio<\/a><a rel=\"noreferrer noopener\" href=\"https:\/\/drive.google.com\/file\/d\/1zyBzaFRot3pVUy5sv-Q5lGlsi-QLlYt1\/view?usp=drive_link\" target=\"_blank\">n<\/a> <\/li>\n\n\n\n<li><a rel=\"noreferrer noopener\" href=\"https:\/\/drive.google.com\/file\/d\/13xskxn3F3bpN1SHoZr2-VWU1wAdbcEl_\/view?usp=drive_link\" target=\"_blank\">Contrat section sportive<\/a> (demi-pension et tiers-de-pension)<\/li>\n\n\n\n<li><a rel=\"noreferrer noopener\" href=\"https:\/\/drive.google.com\/file\/d\/1PvbYAqOZ8mR61J_xA1R8eTUw40IqESVF\/view?usp=drive_link\" target=\"_blank\">Tutoriel \u00ab\u00a0Prendre ou renouveler sa licence comp\u00e9tition\u00a0\u00bb<\/a><\/li>\n\n\n\n<li><a href=\"https:\/\/drive.google.com\/file\/d\/1x3Tro0N5f-8H5xq5oLBmrgQoMJXp14BJ\/view?usp=drive_link\" target=\"_blank\" rel=\"noreferrer noopener\">Mod\u00e8le de certificat m\u00e9dical<\/a> <\/li>\n<\/ul>\n\n\n\n<p><strong>Quelques<\/strong> <strong>pr\u00e9cisions<\/strong> :<\/p>\n\n\n\n<ul class=\"wp-block-list\">\n<li>\u00ab\u00a0Pr\u00e9pa GX\u00a0\u00bb signifie que le cours est r\u00e9serv\u00e9 aux cavaliers pr\u00e9parant le Galop X<\/li>\n\n\n\n<li>Les cours \u00ab\u00a0comp\u00e9titions\u00a0\u00bb sont r\u00e9serv\u00e9s aux cavaliers de la section sportive. <\/li>\n\n\n\n<li>Tous les cours sont limit\u00e9s entre 6 et 8 cavaliers maximum suivant les niveaux.<\/li>\n\n\n\n<li>Nous n&rsquo;ouvrirons plus de cours \u00ab\u00a0shets\u00a0\u00bb suppl\u00e9mentaires pour la rentr\u00e9e prochaine. Nous garderons nos cavaliers ag\u00e9s de moins de 7 ans mais nous ne prendrons plus d&rsquo;ext\u00e9rieurs en dessous de cet  \u00e2ge l\u00e0. Pour + d&rsquo;informations sur cette d\u00e9cision, contactez Ga\u00ebl.<\/li>\n<\/ul>\n\n\n\n<p><strong>A NOTER :<\/strong> Les horaires et les groupes sont susceptibles d&rsquo;\u00eatre modifi\u00e9s jusqu&rsquo;\u00e0 fin septembre selon vos remarques \u00e9ventuelles ou pour l&rsquo;harmonisation des diff\u00e9rents niveaux de cavaliers.<\/p>\n\n\n\n<p class=\"has-text-align-center\">\/!\\ <b>Les dossiers d&rsquo;inscriptions seront trait\u00e9s par ordre d&rsquo;arriv\u00e9e et sur pr\u00e9sentation du dossier<\/b> \/!\\<br><strong>\/!\\ <b>COMPLET<\/b> AVEC LES REGLEMENTS \/!\\<\/strong><\/p>\n\n\n\n<p>N&rsquo;h\u00e9sitez pas \u00e0 nous solliciter pour tout renseignement compl\u00e9mentaire via les r\u00e9seaux, par mail ou sur la page <a href=\"https:\/\/www.ecuriedelamarniere.fr\/contact\/\">contact<\/a>.<\/p>\n\n\n\n<p>A tr\u00e8s vite !<\/p>\n\n\n\n<p>Ga\u00ebl<\/p>\n","protected":false},"excerpt":{"rendered":"<p>Bonjour et bienvenue sur la page concernant les inscriptions aux cours hebdomadaires pour la rentr\u00e9e prochaine ! Pour m&rsquo;inscrire : Pour les cavaliers souhaitant rejoindre la section sportive (Comp\u00e9tition avec un tiers ou une demi-pension), faites part de vos intentions \u00e0 Ga\u00ebl avant toute d\u00e9marche. Pour s&rsquo;inscrire, la proc\u00e9dure est la m\u00eame que ci-dessus ; [&hellip;]<\/p>\n","protected":false},"author":1,"featured_media":0,"parent":0,"menu_order":0,"comment_status":"closed","ping_status":"closed","template":"","meta":{"footnotes":""},"class_list":["post-1177","page","type-page","status-publish","hentry"],"_links":{"self":[{"href":"https:\/\/www.ecuriedelamarniere.fr\/index.php\/wp-json\/wp\/v2\/pages\/1177","targetHints":{"allow":["GET"]}}],"collection":[{"href":"https:\/\/www.ecuriedelamarniere.fr\/index.php\/wp-json\/wp\/v2\/pages"}],"about":[{"href":"https:\/\/www.ecuriedelamarniere.fr\/index.php\/wp-json\/wp\/v2\/types\/page"}],"author":[{"embeddable":true,"href":"https:\/\/www.ecuriedelamarniere.fr\/index.php\/wp-json\/wp\/v2\/users\/1"}],"replies":[{"embeddable":true,"href":"https:\/\/www.ecuriedelamarniere.fr\/index.php\/wp-json\/wp\/v2\/comments?post=1177"}],"version-history":[{"count":2,"href":"https:\/\/www.ecuriedelamarniere.fr\/index.php\/wp-json\/wp\/v2\/pages\/1177\/revisions"}],"predecessor-version":[{"id":1320,"href":"https:\/\/www.ecuriedelamarniere.fr\/index.php\/wp-json\/wp\/v2\/pages\/1177\/revisions\/1320"}],"wp:attachment":[{"href":"https:\/\/www.ecuriedelamarniere.fr\/index.php\/wp-json\/wp\/v2\/media?parent=1177"}],"curies":[{"name":"wp","href":"https:\/\/api.w.org\/{rel}","templated":true}]}}