{"id":113,"date":"2020-04-06T16:11:02","date_gmt":"2020-04-06T14:11:02","guid":{"rendered":"http:\/\/glequitation.gael-lovat.fr\/?page_id=113"},"modified":"2026-03-14T20:45:17","modified_gmt":"2026-03-14T19:45:17","slug":"le-hunter","status":"publish","type":"page","link":"https:\/\/www.ecuriedelamarniere.fr\/index.php\/le-hunter\/","title":{"rendered":"Le hunter"},"content":{"rendered":"<div class=\"wp-block-image\">\n<figure class=\"alignleft size-large\"><img loading=\"lazy\" decoding=\"async\" width=\"130\" height=\"130\" src=\"https:\/\/www.ecuriedelamarniere.fr\/wp-content\/uploads\/2020\/04\/Logo-Hunter_FFE.png\" alt=\"\" class=\"wp-image-114\"\/><\/figure>\n<\/div>\n\n\n<h2 class=\"wp-block-heading\">Le Hunter<\/h2>\n\n\n\n<p>Le Hunter consiste \u00e0 encha\u00eener un parcours d\u2019obstacles avec la plus grande harmonie possible. Les comp\u00e9titions de Hunter \u00c9quitation ont pour but de juger la position, le niveau d\u2019\u00e9quitation et l\u2019emploi des aides du concurrent. <\/p>\n\n\n\n<p>Les comp\u00e9titions de Hunter Style ont pour but de juger le mod\u00e8le, la locomotion et le style \u00e0 l\u2019obstacle du poney \/ cheval.Le Hunter a \u00e9t\u00e9 con\u00e7u \u00e0 l&rsquo;origine pour occuper les cavaliers de chasse \u00e0 courre en dehors des p\u00e9riodes de v\u00e9nerie. Cette origine explique la recherche de l&rsquo;\u00e9l\u00e9gance dans le toilettage des chevaux et la tenue des cavaliers, ainsi que le profil des obstacles (massifs, naturels, appel\u00e9s\u2026). Les \u00e9preuves, tout comme en <a href=\"https:\/\/www.ffe.com\/Disciplines\/General\/CSO\">CSO<\/a> , se d\u00e9roulent sur un terrain clos jalonn\u00e9 d\u2019obstacles. Les barres et les \u00e9l\u00e9ments qui les composent sont mobiles et tombent s\u2019ils sont percut\u00e9s. D\u00e8s lors, il s\u2019agit pour le couple cavalier-cheval d\u2019effectuer le parcours de la mani\u00e8re la plus \u00e9l\u00e9gante et la plus fine possible.<\/p>\n\n\n\n<div style=\"height:20px\" aria-hidden=\"true\" class=\"wp-block-spacer\"><\/div>\n\n\n\n<blockquote class=\"wp-block-quote is-layout-flow wp-block-quote-is-layout-flow\"><p><strong>Source image &amp; texte :<\/strong><\/p><cite><a rel=\"noreferrer noopener\" href=\"http:\/\/www.ffe.com\/\" target=\"_blank\">F\u00e9d\u00e9ration Fran\u00e7aise d&rsquo;Equitatio<\/a><a href=\"http:\/\/www.ffe.com\/\" target=\"_blank\" rel=\"noreferrer noopener\">n<\/a><\/cite><\/blockquote>\n","protected":false},"excerpt":{"rendered":"<p>Le Hunter Le Hunter consiste \u00e0 encha\u00eener un parcours d\u2019obstacles avec la plus grande harmonie possible. Les comp\u00e9titions de Hunter \u00c9quitation ont pour but de juger la position, le niveau d\u2019\u00e9quitation et l\u2019emploi des aides du concurrent. Les comp\u00e9titions de Hunter Style ont pour but de juger le mod\u00e8le, la locomotion et le style \u00e0 [&hellip;]<\/p>\n","protected":false},"author":1,"featured_media":114,"parent":0,"menu_order":0,"comment_status":"closed","ping_status":"closed","template":"","meta":{"footnotes":""},"class_list":["post-113","page","type-page","status-publish","has-post-thumbnail","hentry"],"_links":{"self":[{"href":"https:\/\/www.ecuriedelamarniere.fr\/index.php\/wp-json\/wp\/v2\/pages\/113","targetHints":{"allow":["GET"]}}],"collection":[{"href":"https:\/\/www.ecuriedelamarniere.fr\/index.php\/wp-json\/wp\/v2\/pages"}],"about":[{"href":"https:\/\/www.ecuriedelamarniere.fr\/index.php\/wp-json\/wp\/v2\/types\/page"}],"author":[{"embeddable":true,"href":"https:\/\/www.ecuriedelamarniere.fr\/index.php\/wp-json\/wp\/v2\/users\/1"}],"replies":[{"embeddable":true,"href":"https:\/\/www.ecuriedelamarniere.fr\/index.php\/wp-json\/wp\/v2\/comments?post=113"}],"version-history":[{"count":2,"href":"https:\/\/www.ecuriedelamarniere.fr\/index.php\/wp-json\/wp\/v2\/pages\/113\/revisions"}],"predecessor-version":[{"id":1374,"href":"https:\/\/www.ecuriedelamarniere.fr\/index.php\/wp-json\/wp\/v2\/pages\/113\/revisions\/1374"}],"wp:featuredmedia":[{"embeddable":true,"href":"https:\/\/www.ecuriedelamarniere.fr\/index.php\/wp-json\/wp\/v2\/media\/114"}],"wp:attachment":[{"href":"https:\/\/www.ecuriedelamarniere.fr\/index.php\/wp-json\/wp\/v2\/media?parent=113"}],"curies":[{"name":"wp","href":"https:\/\/api.w.org\/{rel}","templated":true}]}}