{"id":1108,"date":"2024-11-20T23:44:15","date_gmt":"2024-11-20T22:44:15","guid":{"rendered":"http:\/\/www.ecuriedelamarniere.fr\/?page_id=1108"},"modified":"2026-03-14T20:45:17","modified_gmt":"2026-03-14T19:45:17","slug":"loto","status":"publish","type":"page","link":"https:\/\/www.ecuriedelamarniere.fr\/index.php\/loto\/","title":{"rendered":"Bonjour et bienvenue !"},"content":{"rendered":"\n<p>Nous vous souhaitons une agr\u00e9able visite sur notre site web ! N&rsquo;h\u00e9sitez pas \u00e0 consulter nos pages facebook et instagram pour d\u00e9couvrir notre centre \ud83d\ude42<\/p>\n","protected":false},"excerpt":{"rendered":"<p>Nous vous souhaitons une agr\u00e9able visite sur notre site web ! N&rsquo;h\u00e9sitez pas \u00e0 consulter nos pages facebook et instagram pour d\u00e9couvrir notre centre \ud83d\ude42<\/p>\n","protected":false},"author":1,"featured_media":0,"parent":0,"menu_order":0,"comment_status":"closed","ping_status":"closed","template":"","meta":{"footnotes":""},"class_list":["post-1108","page","type-page","status-publish","hentry"],"_links":{"self":[{"href":"https:\/\/www.ecuriedelamarniere.fr\/index.php\/wp-json\/wp\/v2\/pages\/1108","targetHints":{"allow":["GET"]}}],"collection":[{"href":"https:\/\/www.ecuriedelamarniere.fr\/index.php\/wp-json\/wp\/v2\/pages"}],"about":[{"href":"https:\/\/www.ecuriedelamarniere.fr\/index.php\/wp-json\/wp\/v2\/types\/page"}],"author":[{"embeddable":true,"href":"https:\/\/www.ecuriedelamarniere.fr\/index.php\/wp-json\/wp\/v2\/users\/1"}],"replies":[{"embeddable":true,"href":"https:\/\/www.ecuriedelamarniere.fr\/index.php\/wp-json\/wp\/v2\/comments?post=1108"}],"version-history":[{"count":1,"href":"https:\/\/www.ecuriedelamarniere.fr\/index.php\/wp-json\/wp\/v2\/pages\/1108\/revisions"}],"predecessor-version":[{"id":1450,"href":"https:\/\/www.ecuriedelamarniere.fr\/index.php\/wp-json\/wp\/v2\/pages\/1108\/revisions\/1450"}],"wp:attachment":[{"href":"https:\/\/www.ecuriedelamarniere.fr\/index.php\/wp-json\/wp\/v2\/media?parent=1108"}],"curies":[{"name":"wp","href":"https:\/\/api.w.org\/{rel}","templated":true}]}}