{"id":107,"date":"2020-04-06T16:06:19","date_gmt":"2020-04-06T14:06:19","guid":{"rendered":"http:\/\/glequitation.gael-lovat.fr\/?page_id=107"},"modified":"2026-03-14T20:45:17","modified_gmt":"2026-03-14T19:45:17","slug":"le-pony-games","status":"publish","type":"page","link":"https:\/\/www.ecuriedelamarniere.fr\/index.php\/le-pony-games\/","title":{"rendered":"Le pony-games"},"content":{"rendered":"\n<h2 class=\"wp-block-heading\">Le pony-games<\/h2>\n\n\n<div class=\"wp-block-image\">\n<figure class=\"alignleft size-large\"><img loading=\"lazy\" decoding=\"async\" width=\"130\" height=\"130\" src=\"https:\/\/www.ecuriedelamarniere.fr\/wp-content\/uploads\/2020\/04\/Logo-Pony-Games_PG.png\" alt=\"\" class=\"wp-image-108\"\/><\/figure>\n<\/div>\n\n\n<p>Il s&rsquo;agit de jeux pratiqu\u00e9s en ligne et en relais. Sport d\u2019\u00e9quipe o\u00f9 chacun \u00e9volue individuellement, les Pony-Games sont de nature \u00e0 pr\u00e9parer, sous une forme ludique, l\u2019apprentissage de toutes les techniques \u00e9questres. <\/p>\n\n\n\n<p>La vitesse, l\u2019habilit\u00e9 motrice et l\u2019aisance \u00e0 cheval sont les facteurs pr\u00e9dominants pour r\u00e9aliser son parcours sans erreur en \u00e9tant le plus rapide.<\/p>\n\n\n\n<div style=\"height:20px\" aria-hidden=\"true\" class=\"wp-block-spacer\"><\/div>\n\n\n\n<blockquote class=\"wp-block-quote is-layout-flow wp-block-quote-is-layout-flow\"><p><strong>Source image &amp; texte :<\/strong><\/p><cite><a rel=\"noreferrer noopener\" href=\"http:\/\/www.ffe.com\/\" target=\"_blank\">F\u00e9d\u00e9ration Fran\u00e7aise d&rsquo;Equitatio<\/a><a href=\"http:\/\/www.ffe.com\/\" target=\"_blank\" rel=\"noreferrer noopener\">n<\/a><\/cite><\/blockquote>\n","protected":false},"excerpt":{"rendered":"<p>Le pony-games Il s&rsquo;agit de jeux pratiqu\u00e9s en ligne et en relais. Sport d\u2019\u00e9quipe o\u00f9 chacun \u00e9volue individuellement, les Pony-Games sont de nature \u00e0 pr\u00e9parer, sous une forme ludique, l\u2019apprentissage de toutes les techniques \u00e9questres. La vitesse, l\u2019habilit\u00e9 motrice et l\u2019aisance \u00e0 cheval sont les facteurs pr\u00e9dominants pour r\u00e9aliser son parcours sans erreur en \u00e9tant [&hellip;]<\/p>\n","protected":false},"author":1,"featured_media":108,"parent":0,"menu_order":0,"comment_status":"closed","ping_status":"closed","template":"","meta":{"footnotes":""},"class_list":["post-107","page","type-page","status-publish","has-post-thumbnail","hentry"],"_links":{"self":[{"href":"https:\/\/www.ecuriedelamarniere.fr\/index.php\/wp-json\/wp\/v2\/pages\/107","targetHints":{"allow":["GET"]}}],"collection":[{"href":"https:\/\/www.ecuriedelamarniere.fr\/index.php\/wp-json\/wp\/v2\/pages"}],"about":[{"href":"https:\/\/www.ecuriedelamarniere.fr\/index.php\/wp-json\/wp\/v2\/types\/page"}],"author":[{"embeddable":true,"href":"https:\/\/www.ecuriedelamarniere.fr\/index.php\/wp-json\/wp\/v2\/users\/1"}],"replies":[{"embeddable":true,"href":"https:\/\/www.ecuriedelamarniere.fr\/index.php\/wp-json\/wp\/v2\/comments?post=107"}],"version-history":[{"count":2,"href":"https:\/\/www.ecuriedelamarniere.fr\/index.php\/wp-json\/wp\/v2\/pages\/107\/revisions"}],"predecessor-version":[{"id":1375,"href":"https:\/\/www.ecuriedelamarniere.fr\/index.php\/wp-json\/wp\/v2\/pages\/107\/revisions\/1375"}],"wp:featuredmedia":[{"embeddable":true,"href":"https:\/\/www.ecuriedelamarniere.fr\/index.php\/wp-json\/wp\/v2\/media\/108"}],"wp:attachment":[{"href":"https:\/\/www.ecuriedelamarniere.fr\/index.php\/wp-json\/wp\/v2\/media?parent=107"}],"curies":[{"name":"wp","href":"https:\/\/api.w.org\/{rel}","templated":true}]}}