{"id":104,"date":"2020-04-06T16:03:40","date_gmt":"2020-04-06T14:03:40","guid":{"rendered":"http:\/\/glequitation.gael-lovat.fr\/?page_id=104"},"modified":"2026-03-14T20:45:17","modified_gmt":"2026-03-14T19:45:17","slug":"le-concours-complet","status":"publish","type":"page","link":"https:\/\/www.ecuriedelamarniere.fr\/index.php\/le-concours-complet\/","title":{"rendered":"Le concours complet"},"content":{"rendered":"\n<h2 class=\"wp-block-heading\">Le concours complet<\/h2>\n\n\n\n<p>Le concours complet d&rsquo;\u00e9quitation consiste \u00e0 encha\u00eener 3 tests :<\/p>\n\n\n<div class=\"wp-block-image\">\n<figure class=\"alignleft size-large\"><img loading=\"lazy\" decoding=\"async\" width=\"130\" height=\"130\" src=\"https:\/\/www.ecuriedelamarniere.fr\/wp-content\/uploads\/2020\/04\/Logo-CCE_FFE.png\" alt=\"\" class=\"wp-image-105\"\/><\/figure>\n<\/div>\n\n\n<ul class=\"wp-block-list\">\n<li>Le <strong>dressage<\/strong>\u00a0valide le bon emploi des aides du concurrent et la qualit\u00e9 du dressage des poneys \/ chevaux.<\/li>\n\n\n\n<li>Le <strong>cross<\/strong>\u00a0permet de v\u00e9rifier la franchise du couple et la ma\u00eetrise d\u2019une vitesse impos\u00e9e en \u00e9quitation d\u2019ext\u00e9rieur.<\/li>\n\n\n\n<li>Le <strong>saut d\u2019obstacles<\/strong>\u00a0r\u00e9v\u00e8le l\u2019aptitude \u00e0 encha\u00eener un parcours, la bonne attitude et des gestes techniques justes.<\/li>\n<\/ul>\n\n\n\n<p>Le concours complet n\u00e9cessite que le cavalier ait une exp\u00e9rience des 3 disciplines \u00e9questres et une connaissance pr\u00e9cise des capacit\u00e9s de son poney \/ cheval. Le poney \/ cheval exprime des comp\u00e9tences r\u00e9sultant d\u2019un entra\u00eenement judicieux et rationnel.<\/p>\n\n\n\n<p>Discipline reine de l\u2019homme de cheval, le concours complet est appr\u00e9ci\u00e9 par la complicit\u00e9 des tests qu\u2019il comporte. Les adeptes du complet aiment le compagnonnage avec leur cheval pour une comp\u00e9tition qui s\u2019inscrit dans la dur\u00e9e, du fait de la succession des trois tests avec le m\u00eame cheval.<\/p>\n\n\n\n<div style=\"height:20px\" aria-hidden=\"true\" class=\"wp-block-spacer\"><\/div>\n\n\n\n<blockquote class=\"wp-block-quote is-layout-flow wp-block-quote-is-layout-flow\"><p><strong>Source image &amp; texte :<\/strong><\/p><cite><a rel=\"noreferrer noopener\" href=\"http:\/\/www.ffe.com\/\" target=\"_blank\">F\u00e9d\u00e9ration Fran\u00e7aise d&rsquo;Equitatio<\/a><a href=\"http:\/\/www.ffe.com\/\" target=\"_blank\" rel=\"noreferrer noopener\">n<\/a><\/cite><\/blockquote>\n","protected":false},"excerpt":{"rendered":"<p>Le concours complet Le concours complet d&rsquo;\u00e9quitation consiste \u00e0 encha\u00eener 3 tests : Le concours complet n\u00e9cessite que le cavalier ait une exp\u00e9rience des 3 disciplines \u00e9questres et une connaissance pr\u00e9cise des capacit\u00e9s de son poney \/ cheval. Le poney \/ cheval exprime des comp\u00e9tences r\u00e9sultant d\u2019un entra\u00eenement judicieux et rationnel. Discipline reine de l\u2019homme [&hellip;]<\/p>\n","protected":false},"author":1,"featured_media":105,"parent":0,"menu_order":0,"comment_status":"closed","ping_status":"closed","template":"","meta":{"footnotes":""},"class_list":["post-104","page","type-page","status-publish","has-post-thumbnail","hentry"],"_links":{"self":[{"href":"https:\/\/www.ecuriedelamarniere.fr\/index.php\/wp-json\/wp\/v2\/pages\/104","targetHints":{"allow":["GET"]}}],"collection":[{"href":"https:\/\/www.ecuriedelamarniere.fr\/index.php\/wp-json\/wp\/v2\/pages"}],"about":[{"href":"https:\/\/www.ecuriedelamarniere.fr\/index.php\/wp-json\/wp\/v2\/types\/page"}],"author":[{"embeddable":true,"href":"https:\/\/www.ecuriedelamarniere.fr\/index.php\/wp-json\/wp\/v2\/users\/1"}],"replies":[{"embeddable":true,"href":"https:\/\/www.ecuriedelamarniere.fr\/index.php\/wp-json\/wp\/v2\/comments?post=104"}],"version-history":[{"count":2,"href":"https:\/\/www.ecuriedelamarniere.fr\/index.php\/wp-json\/wp\/v2\/pages\/104\/revisions"}],"predecessor-version":[{"id":1372,"href":"https:\/\/www.ecuriedelamarniere.fr\/index.php\/wp-json\/wp\/v2\/pages\/104\/revisions\/1372"}],"wp:featuredmedia":[{"embeddable":true,"href":"https:\/\/www.ecuriedelamarniere.fr\/index.php\/wp-json\/wp\/v2\/media\/105"}],"wp:attachment":[{"href":"https:\/\/www.ecuriedelamarniere.fr\/index.php\/wp-json\/wp\/v2\/media?parent=104"}],"curies":[{"name":"wp","href":"https:\/\/api.w.org\/{rel}","templated":true}]}}